{"id":1378,"date":"2023-06-25T16:54:23","date_gmt":"2023-06-25T15:54:23","guid":{"rendered":"https:\/\/lldm.loicdvch.fr\/?page_id=1378"},"modified":"2026-04-06T12:06:02","modified_gmt":"2026-04-06T10:06:02","slug":"panier","status":"publish","type":"page","link":"https:\/\/www.leslocationsdumarais.fr\/index.php\/panier\/","title":{"rendered":"Mon panier"},"content":{"rendered":"\n<div style=\"height:25px\" aria-hidden=\"true\" class=\"wp-block-spacer\"><\/div>\n\n\n\n<div class=\"wp-block-cover alignfull is-light has-x-large-font-size\"><span aria-hidden=\"true\" class=\"wp-block-cover__background has-black-background-color has-background-dim-20 has-background-dim\"><\/span><img loading=\"lazy\" decoding=\"async\" width=\"2560\" height=\"1440\" class=\"wp-block-cover__image-background wp-image-498\" alt=\"\" src=\"https:\/\/www.leslocationsdumarais.fr\/wp-content\/uploads\/2023\/04\/header-scaled-1.jpg\" style=\"object-position:50% 50%\" data-object-fit=\"cover\" data-object-position=\"50% 50%\" srcset=\"https:\/\/www.leslocationsdumarais.fr\/wp-content\/uploads\/2023\/04\/header-scaled-1.jpg 2560w, https:\/\/www.leslocationsdumarais.fr\/wp-content\/uploads\/2023\/04\/header-scaled-1-600x338.jpg 600w, https:\/\/www.leslocationsdumarais.fr\/wp-content\/uploads\/2023\/04\/header-scaled-1-300x169.jpg 300w, https:\/\/www.leslocationsdumarais.fr\/wp-content\/uploads\/2023\/04\/header-scaled-1-1024x576.jpg 1024w, https:\/\/www.leslocationsdumarais.fr\/wp-content\/uploads\/2023\/04\/header-scaled-1-768x432.jpg 768w, https:\/\/www.leslocationsdumarais.fr\/wp-content\/uploads\/2023\/04\/header-scaled-1-1536x864.jpg 1536w, https:\/\/www.leslocationsdumarais.fr\/wp-content\/uploads\/2023\/04\/header-scaled-1-2048x1152.jpg 2048w\" sizes=\"auto, (max-width: 2560px) 100vw, 2560px\" \/><div class=\"wp-block-cover__inner-container is-layout-flow wp-block-cover-is-layout-flow\">\n<h2 class=\"wp-block-heading has-text-align-center has-white-color has-text-color\" style=\"font-size:24px;font-style:normal;font-weight:800;letter-spacing:5px;text-transform:uppercase\">Mon panier<\/h2>\n<\/div><\/div>\n\n\n\n<div style=\"height:25px\" aria-hidden=\"true\" class=\"wp-block-spacer\"><\/div>\n\n\n\n\n\n\n<div class=\"wp-block-group alignfull has-white-color has-text-color has-background\" style=\"background-color:#26d1a4\"><div class=\"wp-block-group__inner-container is-layout-flow wp-block-group-is-layout-flow\">\n<div style=\"height:30px\" aria-hidden=\"true\" class=\"wp-block-spacer\"><\/div>\n\n\n\n<div class=\"wp-block-columns alignwide is-layout-flex wp-container-core-columns-is-layout-9d6595d7 wp-block-columns-is-layout-flex\">\n<div class=\"wp-block-column is-layout-flow wp-block-column-is-layout-flow\">\n<h2 class=\"wp-block-heading has-text-align-center\" style=\"text-transform:uppercase\">\u00e0 voir \u00e9galement<\/h2>\n\n\n\n<p class=\"has-text-align-center liens-speciaux\" style=\"font-size:16px\"><a href=\"https:\/\/www.leslocationsducanal.fr\/\">Les Locations du Canal<\/a><br><a rel=\"noreferrer noopener\" href=\"https:\/\/www.somme-tourisme.com\/\" target=\"_blank\">Somme Tourisme<\/a><br><a href=\"https:\/\/www.normandie-tourisme.fr\/\">Normandie Tourisme<\/a><br><a rel=\"noreferrer noopener\" href=\"https:\/\/www.tourisme-baiedesomme.fr\/\" target=\"_blank\">L&rsquo;Office de Tourisme de la Baie de Somme<\/a><br><a rel=\"noreferrer noopener\" href=\"https:\/\/www.destination-letreport-mers.fr\/\" target=\"_blank\">Destination Le Tr\u00e9port-Mers<\/a><br><a rel=\"noreferrer noopener\" href=\"https:\/\/www.chemindefer-baiedesomme.fr\/\" target=\"_blank\">Chemin de Fer de la Baie de Somme<\/a><\/p>\n<\/div>\n\n\n\n<div class=\"wp-block-column is-layout-flow wp-block-column-is-layout-flow\">\n<h2 class=\"wp-block-heading has-text-align-center\" style=\"text-transform:uppercase\">liens utiles<\/h2>\n\n\n\n<p class=\"has-text-align-center liens-speciaux\"><a href=\"https:\/\/www.leslocationsdumarais.fr\/index.php\/conditions-generales\/\" data-type=\"page\" data-id=\"1563\" target=\"_blank\" rel=\"noreferrer noopener\">Conditions g\u00e9n\u00e9rales<\/a><br><a href=\"https:\/\/www.leslocationsdumarais.fr\/index.php\/mentions-legales\/\" data-type=\"page\" data-id=\"1561\" target=\"_blank\" rel=\"noreferrer noopener\">Mentions l\u00e9gales<\/a><\/p>\n<\/div>\n<\/div>\n\n\n\n<div style=\"height:30px\" aria-hidden=\"true\" class=\"wp-block-spacer\"><\/div>\n<\/div><\/div>\n","protected":false},"excerpt":{"rendered":"<p>\u00e0 voir \u00e9galement Les Locations du CanalSomme TourismeNormandie TourismeL&rsquo;Office de Tourisme de la Baie de SommeDestination Le Tr\u00e9port-MersChemin de Fer de la Baie de Somme liens utiles Conditions g\u00e9n\u00e9ralesMentions l\u00e9gales<\/p>\n","protected":false},"author":1,"featured_media":0,"parent":0,"menu_order":0,"comment_status":"closed","ping_status":"closed","template":"","meta":{"footnotes":""},"class_list":["post-1378","page","type-page","status-publish","hentry"],"_links":{"self":[{"href":"https:\/\/www.leslocationsdumarais.fr\/index.php\/wp-json\/wp\/v2\/pages\/1378","targetHints":{"allow":["GET"]}}],"collection":[{"href":"https:\/\/www.leslocationsdumarais.fr\/index.php\/wp-json\/wp\/v2\/pages"}],"about":[{"href":"https:\/\/www.leslocationsdumarais.fr\/index.php\/wp-json\/wp\/v2\/types\/page"}],"author":[{"embeddable":true,"href":"https:\/\/www.leslocationsdumarais.fr\/index.php\/wp-json\/wp\/v2\/users\/1"}],"replies":[{"embeddable":true,"href":"https:\/\/www.leslocationsdumarais.fr\/index.php\/wp-json\/wp\/v2\/comments?post=1378"}],"version-history":[{"count":7,"href":"https:\/\/www.leslocationsdumarais.fr\/index.php\/wp-json\/wp\/v2\/pages\/1378\/revisions"}],"predecessor-version":[{"id":1824,"href":"https:\/\/www.leslocationsdumarais.fr\/index.php\/wp-json\/wp\/v2\/pages\/1378\/revisions\/1824"}],"wp:attachment":[{"href":"https:\/\/www.leslocationsdumarais.fr\/index.php\/wp-json\/wp\/v2\/media?parent=1378"}],"curies":[{"name":"wp","href":"https:\/\/api.w.org\/{rel}","templated":true}]}}