{"id":1561,"date":"2023-06-30T10:12:23","date_gmt":"2023-06-30T09:12:23","guid":{"rendered":"https:\/\/lldm.loicdvch.fr\/?page_id=1561"},"modified":"2023-08-14T11:11:48","modified_gmt":"2023-08-14T09:11:48","slug":"mentions-legales","status":"publish","type":"page","link":"https:\/\/www.leslocationsdumarais.fr\/index.php\/mentions-legales\/","title":{"rendered":"Mentions l\u00e9gales"},"content":{"rendered":"\n<div style=\"height:25px\" aria-hidden=\"true\" class=\"wp-block-spacer\"><\/div>\n\n\n\n<div class=\"wp-block-cover alignfull is-light has-x-large-font-size\"><span aria-hidden=\"true\" class=\"wp-block-cover__background has-black-background-color has-background-dim-20 has-background-dim\"><\/span><img loading=\"lazy\" decoding=\"async\" width=\"2560\" height=\"1440\" class=\"wp-block-cover__image-background wp-image-498\" alt=\"\" src=\"https:\/\/www.leslocationsdumarais.fr\/wp-content\/uploads\/2023\/04\/header-scaled-1.jpg\" style=\"object-position:50% 50%\" data-object-fit=\"cover\" data-object-position=\"50% 50%\" srcset=\"https:\/\/www.leslocationsdumarais.fr\/wp-content\/uploads\/2023\/04\/header-scaled-1.jpg 2560w, https:\/\/www.leslocationsdumarais.fr\/wp-content\/uploads\/2023\/04\/header-scaled-1-600x338.jpg 600w, https:\/\/www.leslocationsdumarais.fr\/wp-content\/uploads\/2023\/04\/header-scaled-1-300x169.jpg 300w, https:\/\/www.leslocationsdumarais.fr\/wp-content\/uploads\/2023\/04\/header-scaled-1-1024x576.jpg 1024w, https:\/\/www.leslocationsdumarais.fr\/wp-content\/uploads\/2023\/04\/header-scaled-1-768x432.jpg 768w, https:\/\/www.leslocationsdumarais.fr\/wp-content\/uploads\/2023\/04\/header-scaled-1-1536x864.jpg 1536w, https:\/\/www.leslocationsdumarais.fr\/wp-content\/uploads\/2023\/04\/header-scaled-1-2048x1152.jpg 2048w\" sizes=\"auto, (max-width: 2560px) 100vw, 2560px\" \/><div class=\"wp-block-cover__inner-container is-layout-flow wp-block-cover-is-layout-flow\">\n<h2 class=\"wp-block-heading has-text-align-center has-white-color has-text-color\" style=\"font-size:24px;font-style:normal;font-weight:800;letter-spacing:5px;text-transform:uppercase\">Mentions l\u00e9gales<\/h2>\n<\/div><\/div>\n\n\n\n<div style=\"height:25px\" aria-hidden=\"true\" class=\"wp-block-spacer\"><\/div>\n\n\n\n<h3 class=\"wp-block-heading has-text-align-center\">Les Locations du Marais<\/h3>\n\n\n\n<p class=\"has-text-align-center\">Bertrand BECQUET (entrepreneur individuel) &#8211; 134 rue d&rsquo;Eu Hautebut 80460 WOIGNARUE (France)<\/p>\n\n\n\n<p class=\"has-text-align-center\">contact@leslocationsdumarais.fr &#8211; 06 50 38 95 61<\/p>\n\n\n\n<p class=\"has-text-align-center\">SIRET n\u00b0 441334224 00025<\/p>\n\n\n\n<p class=\"has-text-align-center\">N\u00b0 RCS : 441 334 224 R.C.S. Amiens<\/p>\n\n\n\n<p class=\"has-text-align-center\">N\u00b0 TVA : FR20441334224<\/p>\n\n\n\n<hr class=\"wp-block-separator has-alpha-channel-opacity is-style-default\"\/>\n\n\n\n<h3 class=\"wp-block-heading has-text-align-center\">H\u00e9bergeur<\/h3>\n\n\n\n<p class=\"has-text-align-center\">OVH &#8211; 2 rue Kellermann 59100 ROUBAIX (France)<\/p>\n\n\n\n<div style=\"height:50px\" aria-hidden=\"true\" class=\"wp-block-spacer\"><\/div>\n\n\n\n<div class=\"wp-block-group alignfull has-white-color has-text-color has-background\" style=\"background-color:#26d1a4\"><div class=\"wp-block-group__inner-container is-layout-flow wp-block-group-is-layout-flow\">\n<div style=\"height:30px\" aria-hidden=\"true\" class=\"wp-block-spacer\"><\/div>\n\n\n\n<div class=\"wp-block-columns alignwide is-layout-flex wp-container-core-columns-is-layout-9d6595d7 wp-block-columns-is-layout-flex\">\n<div class=\"wp-block-column is-layout-flow wp-block-column-is-layout-flow\">\n<h2 class=\"wp-block-heading has-text-align-center\" style=\"text-transform:uppercase\">\u00e0 voir \u00e9galement<\/h2>\n\n\n\n<p class=\"has-text-align-center liens-speciaux\" style=\"font-size:16px\"><a href=\"https:\/\/www.leslocationsducanal.fr\/\">Les Locations du Canal<\/a><br><a rel=\"noreferrer noopener\" href=\"https:\/\/www.somme-tourisme.com\/\" target=\"_blank\">Somme Tourisme<\/a><br><a href=\"https:\/\/www.normandie-tourisme.fr\/\">Normandie Tourisme<\/a><br><a rel=\"noreferrer noopener\" href=\"https:\/\/www.tourisme-baiedesomme.fr\/\" target=\"_blank\">L&rsquo;Office de Tourisme de la Baie de Somme<\/a><br><a rel=\"noreferrer noopener\" href=\"https:\/\/www.destination-letreport-mers.fr\/\" target=\"_blank\">Destination Le Tr\u00e9port-Mers<\/a><br><a rel=\"noreferrer noopener\" href=\"https:\/\/www.chemindefer-baiedesomme.fr\/\" target=\"_blank\">Chemin de Fer de la Baie de Somme<\/a><\/p>\n<\/div>\n\n\n\n<div class=\"wp-block-column is-layout-flow wp-block-column-is-layout-flow\">\n<h2 class=\"wp-block-heading has-text-align-center\" style=\"text-transform:uppercase\">liens utiles<\/h2>\n\n\n\n<p class=\"has-text-align-center liens-speciaux\"><a href=\"https:\/\/www.leslocationsdumarais.fr\/index.php\/conditions-generales\/\" data-type=\"page\" data-id=\"1563\" target=\"_blank\" rel=\"noreferrer noopener\">Conditions g\u00e9n\u00e9rales<\/a><br><a href=\"https:\/\/www.leslocationsdumarais.fr\/index.php\/mentions-legales\/\" data-type=\"page\" data-id=\"1561\" target=\"_blank\" rel=\"noreferrer noopener\">Mentions l\u00e9gales<\/a><\/p>\n<\/div>\n<\/div>\n\n\n\n<div style=\"height:30px\" aria-hidden=\"true\" class=\"wp-block-spacer\"><\/div>\n<\/div><\/div>\n","protected":false},"excerpt":{"rendered":"<p>Les Locations du Marais Bertrand BECQUET (entrepreneur individuel) &#8211; 134 rue d&rsquo;Eu Hautebut 80460 WOIGNARUE (France) contact@leslocationsdumarais.fr &#8211; 06 50 38 95 61 SIRET n\u00b0 441334224 00025 N\u00b0 RCS : 441 334 224 R.C.S. Amiens N\u00b0 TVA : FR20441334224 H\u00e9bergeur OVH &#8211; 2 rue Kellermann 59100 ROUBAIX (France) \u00e0 voir \u00e9galement Les Locations du CanalSomme TourismeNormandie TourismeL&rsquo;Office de Tourisme de la Baie de SommeDestination Le Tr\u00e9port-MersChemin de Fer de la Baie de Somme liens utiles Conditions g\u00e9n\u00e9ralesMentions l\u00e9gales<\/p>\n","protected":false},"author":1,"featured_media":0,"parent":0,"menu_order":0,"comment_status":"closed","ping_status":"closed","template":"","meta":{"footnotes":""},"class_list":["post-1561","page","type-page","status-publish","hentry"],"_links":{"self":[{"href":"https:\/\/www.leslocationsdumarais.fr\/index.php\/wp-json\/wp\/v2\/pages\/1561","targetHints":{"allow":["GET"]}}],"collection":[{"href":"https:\/\/www.leslocationsdumarais.fr\/index.php\/wp-json\/wp\/v2\/pages"}],"about":[{"href":"https:\/\/www.leslocationsdumarais.fr\/index.php\/wp-json\/wp\/v2\/types\/page"}],"author":[{"embeddable":true,"href":"https:\/\/www.leslocationsdumarais.fr\/index.php\/wp-json\/wp\/v2\/users\/1"}],"replies":[{"embeddable":true,"href":"https:\/\/www.leslocationsdumarais.fr\/index.php\/wp-json\/wp\/v2\/comments?post=1561"}],"version-history":[{"count":6,"href":"https:\/\/www.leslocationsdumarais.fr\/index.php\/wp-json\/wp\/v2\/pages\/1561\/revisions"}],"predecessor-version":[{"id":1876,"href":"https:\/\/www.leslocationsdumarais.fr\/index.php\/wp-json\/wp\/v2\/pages\/1561\/revisions\/1876"}],"wp:attachment":[{"href":"https:\/\/www.leslocationsdumarais.fr\/index.php\/wp-json\/wp\/v2\/media?parent=1561"}],"curies":[{"name":"wp","href":"https:\/\/api.w.org\/{rel}","templated":true}]}}