{"id":1563,"date":"2023-06-30T10:27:12","date_gmt":"2023-06-30T09:27:12","guid":{"rendered":"https:\/\/lldm.loicdvch.fr\/?page_id=1563"},"modified":"2023-08-14T11:10:58","modified_gmt":"2023-08-14T09:10:58","slug":"conditions-generales","status":"publish","type":"page","link":"https:\/\/www.leslocationsdumarais.fr\/index.php\/conditions-generales\/","title":{"rendered":"Conditions g\u00e9n\u00e9rales"},"content":{"rendered":"\n<div style=\"height:25px\" aria-hidden=\"true\" class=\"wp-block-spacer\"><\/div>\n\n\n\n<div class=\"wp-block-cover alignfull is-light has-x-large-font-size\"><span aria-hidden=\"true\" class=\"wp-block-cover__background has-black-background-color has-background-dim-20 has-background-dim\"><\/span><img loading=\"lazy\" decoding=\"async\" width=\"2560\" height=\"1440\" class=\"wp-block-cover__image-background wp-image-498\" alt=\"\" src=\"https:\/\/www.leslocationsdumarais.fr\/wp-content\/uploads\/2023\/04\/header-scaled-1.jpg\" style=\"object-position:50% 50%\" data-object-fit=\"cover\" data-object-position=\"50% 50%\" srcset=\"https:\/\/www.leslocationsdumarais.fr\/wp-content\/uploads\/2023\/04\/header-scaled-1.jpg 2560w, https:\/\/www.leslocationsdumarais.fr\/wp-content\/uploads\/2023\/04\/header-scaled-1-600x338.jpg 600w, https:\/\/www.leslocationsdumarais.fr\/wp-content\/uploads\/2023\/04\/header-scaled-1-300x169.jpg 300w, https:\/\/www.leslocationsdumarais.fr\/wp-content\/uploads\/2023\/04\/header-scaled-1-1024x576.jpg 1024w, https:\/\/www.leslocationsdumarais.fr\/wp-content\/uploads\/2023\/04\/header-scaled-1-768x432.jpg 768w, https:\/\/www.leslocationsdumarais.fr\/wp-content\/uploads\/2023\/04\/header-scaled-1-1536x864.jpg 1536w, https:\/\/www.leslocationsdumarais.fr\/wp-content\/uploads\/2023\/04\/header-scaled-1-2048x1152.jpg 2048w\" sizes=\"auto, (max-width: 2560px) 100vw, 2560px\" \/><div class=\"wp-block-cover__inner-container is-layout-flow wp-block-cover-is-layout-flow\">\n<h2 class=\"wp-block-heading has-text-align-center has-white-color has-text-color\" style=\"font-size:24px;font-style:normal;font-weight:800;letter-spacing:5px;text-transform:uppercase\">Conditions g\u00e9n\u00e9rales<\/h2>\n<\/div><\/div>\n\n\n\n<div style=\"height:25px\" aria-hidden=\"true\" class=\"wp-block-spacer\"><\/div>\n\n\n\n<h3 class=\"wp-block-heading\">Clause n\u00b01 : Objet<\/h3>\n\n\n\n<p>En utilisant ce service de location de v\u00e9los, vous acceptez les pr\u00e9sentes conditions g\u00e9n\u00e9rales. Toute location implique que vous ayez pris connaissances des pr\u00e9sentes conditions g\u00e9n\u00e9rales et que vous les acceptiez.<\/p>\n\n\n\n<h3 class=\"wp-block-heading\">Clause n\u00b02 : \u00c9ligibilit\u00e9<\/h3>\n\n\n\n<p>Vous devrez \u00eatre en capacit\u00e9 de justifier de votre identit\u00e9. En tant que souscripteur d&rsquo;un contrat de location, vous vous d\u00e9clarez apte \u00e0 la pratique du v\u00e9lo, sans aucune contre-indication m\u00e9dicale.<\/p>\n\n\n\n<p>Les Locations du Marais ne pourront \u00eatre tenus responsable en cas de blessures dues \u00e0 une inaptitude.<\/p>\n\n\n\n<h3 class=\"wp-block-heading\">Clause n\u00b03 : R\u00e9servation et paiement<\/h3>\n\n\n\n<p>Toute demande de r\u00e9servation pourra se faire soit via le site internet, soit par e-mail, soit par t\u00e9l\u00e9phone, soit sur place. Le loueur se r\u00e9serve le droit de refuser ou d&rsquo;annuler toute r\u00e9servation :<\/p>\n\n\n\n<ul class=\"wp-block-list\">\n<li>\u00e0 toute personne ne remplissant pas les conditions requises pour louer<\/li>\n\n\n\n<li>en cas d&rsquo;indisponibilit\u00e9 du mat\u00e9riel<\/li>\n<\/ul>\n\n\n\n<p>Le paiement se fera sur place, le jour de la location.<\/p>\n\n\n\n<h3 class=\"wp-block-heading\">Clause n\u00b04 : Dur\u00e9e de location<\/h3>\n\n\n\n<p>La dur\u00e9e de location est d\u00e9finie lors de la r\u00e9servation. Des frais suppl\u00e9mentaires peuvent s&rsquo;appliquer en cas de d\u00e9passement de la dur\u00e9e initiale.<\/p>\n\n\n\n<h3 class=\"wp-block-heading\">Clause n\u00b05 : Pr\u00eat et sous-location<\/h3>\n\n\n\n<p>Le v\u00e9lo et les \u00e9ventuels accessoires ne peuvent \u00eatre utilis\u00e9s que par la personne ayant effectu\u00e9 la r\u00e9servation. Ils ne peuvent \u00eatre sous-lou\u00e9s, pr\u00eat\u00e9s ou utilis\u00e9s par une autre personne.<\/p>\n\n\n\n<p>Vous \u00eates responsable du v\u00e9lo et devez le manipuler avec soin.<\/p>\n\n\n\n<h3 class=\"wp-block-heading\">Clause n\u00b06 : Responsabilit\u00e9<\/h3>\n\n\n\n<p>Nous d\u00e9clinons toute responsabilit\u00e9 en cas de blessure, de vol, de perte ou de dommage caus\u00e9s pendant la p\u00e9riode de location. Vous \u00eates responsable de la s\u00e9curit\u00e9 du mat\u00e9riel.<\/p>\n\n\n\n<h3 class=\"wp-block-heading\">Clause n\u00b07 : Restitution du mat\u00e9riel<\/h3>\n\n\n\n<p>Le mat\u00e9riel doit \u00eatre restitu\u00e9 \u00e0 l&rsquo;endroit, \u00e0 la date et \u00e0 l&rsquo;heure convenus lors de la r\u00e9servation. Si vous ne respectez pas ces conditions, des frais suppl\u00e9mentaires peuvent \u00eatre factur\u00e9s.<\/p>\n\n\n\n<p>Le mat\u00e9riel doit \u00eatre restitu\u00e9 dans le m\u00eame \u00e9tat que lors de la location initiale, \u00e0 l&rsquo;exception de l&rsquo;usure normale.<\/p>\n\n\n\n<h3 class=\"wp-block-heading\">Clause n\u00b08 : Annulation<\/h3>\n\n\n\n<p>Pour toute annulation d&rsquo;une r\u00e9servation, nous vous demandons de nous en informer 48 heures \u00e0 l&rsquo;avance.<\/p>\n\n\n\n<p>Nous nous r\u00e9servons le droit d&rsquo;annuler une r\u00e9servation si les conditions m\u00e9t\u00e9orologiques ou d&rsquo;autres circonstances ind\u00e9pendantes de notre volont\u00e9 rendent la pratique du v\u00e9lo dangereuse ou impossible.<\/p>\n\n\n\n<h3 class=\"wp-block-heading\">Clause n\u00b09 : Confidentialit\u00e9<\/h3>\n\n\n\n<p>Les informations personnelles que vous nous fournissez lors de la r\u00e9servation sont trait\u00e9es conform\u00e9ment \u00e0 notre politique de confidentialit\u00e9. Aucune transmission \u00e0 des tiers ne sera effectu\u00e9e sans votre consentement, sauf dans les cas pr\u00e9vus par la loi.<\/p>\n\n\n\n<h3 class=\"wp-block-heading\">Clause n\u00b010 : Modification des conditions g\u00e9n\u00e9rales<\/h3>\n\n\n\n<p>Nous nous r\u00e9servons le droit de modifier ces conditions g\u00e9n\u00e9rales \u00e0 tout moment. Les modifications entreront en vigueur d\u00e8s leur publication sur notre site internet . Il est de votre responsabilit\u00e9 de consulter r\u00e9guli\u00e8rement les conditions g\u00e9n\u00e9rales mises \u00e0 jour.<\/p>\n\n\n\n<div style=\"height:50px\" aria-hidden=\"true\" class=\"wp-block-spacer\"><\/div>\n\n\n\n<div class=\"wp-block-group alignfull has-white-color has-text-color has-background\" style=\"background-color:#26d1a4\"><div class=\"wp-block-group__inner-container is-layout-flow wp-block-group-is-layout-flow\">\n<div style=\"height:30px\" aria-hidden=\"true\" class=\"wp-block-spacer\"><\/div>\n\n\n\n<div class=\"wp-block-columns alignwide is-layout-flex wp-container-core-columns-is-layout-9d6595d7 wp-block-columns-is-layout-flex\">\n<div class=\"wp-block-column is-layout-flow wp-block-column-is-layout-flow\">\n<h2 class=\"wp-block-heading has-text-align-center\" style=\"text-transform:uppercase\">\u00e0 voir \u00e9galement<\/h2>\n\n\n\n<p class=\"has-text-align-center liens-speciaux\" style=\"font-size:16px\"><a href=\"https:\/\/www.leslocationsducanal.fr\/\">Les Locations du Canal<\/a><br><a rel=\"noreferrer noopener\" href=\"https:\/\/www.somme-tourisme.com\/\" target=\"_blank\">Somme Tourisme<\/a><br><a href=\"https:\/\/www.normandie-tourisme.fr\/\">Normandie Tourisme<\/a><br><a rel=\"noreferrer noopener\" href=\"https:\/\/www.tourisme-baiedesomme.fr\/\" target=\"_blank\">L&rsquo;Office de Tourisme de la Baie de Somme<\/a><br><a rel=\"noreferrer noopener\" href=\"https:\/\/www.destination-letreport-mers.fr\/\" target=\"_blank\">Destination Le Tr\u00e9port-Mers<\/a><br><a rel=\"noreferrer noopener\" href=\"https:\/\/www.chemindefer-baiedesomme.fr\/\" target=\"_blank\">Chemin de Fer de la Baie de Somme<\/a><\/p>\n<\/div>\n\n\n\n<div class=\"wp-block-column is-layout-flow wp-block-column-is-layout-flow\">\n<h2 class=\"wp-block-heading has-text-align-center\" style=\"text-transform:uppercase\">liens utiles<\/h2>\n\n\n\n<p class=\"has-text-align-center liens-speciaux\"><a href=\"https:\/\/www.leslocationsdumarais.fr\/index.php\/conditions-generales\/\" data-type=\"page\" data-id=\"1563\" target=\"_blank\" rel=\"noreferrer noopener\">Conditions g\u00e9n\u00e9rales<\/a><br><a href=\"https:\/\/www.leslocationsdumarais.fr\/index.php\/mentions-legales\/\" data-type=\"page\" data-id=\"1561\" target=\"_blank\" rel=\"noreferrer noopener\">Mentions l\u00e9gales<\/a><\/p>\n<\/div>\n<\/div>\n\n\n\n<div style=\"height:30px\" aria-hidden=\"true\" class=\"wp-block-spacer\"><\/div>\n<\/div><\/div>\n","protected":false},"excerpt":{"rendered":"<p>Clause n\u00b01 : Objet En utilisant ce service de location de v\u00e9los, vous acceptez les pr\u00e9sentes conditions g\u00e9n\u00e9rales. Toute location implique que vous ayez pris connaissances des pr\u00e9sentes conditions g\u00e9n\u00e9rales et que vous les acceptiez. Clause n\u00b02 : \u00c9ligibilit\u00e9 Vous devrez \u00eatre en capacit\u00e9 de justifier de votre identit\u00e9. En tant que souscripteur d&rsquo;un contrat de location, vous vous d\u00e9clarez apte \u00e0 la pratique du v\u00e9lo, sans aucune contre-indication m\u00e9dicale. Les Locations du Marais ne pourront \u00eatre tenus&hellip;<\/p>\n","protected":false},"author":1,"featured_media":0,"parent":0,"menu_order":0,"comment_status":"closed","ping_status":"closed","template":"","meta":{"footnotes":""},"class_list":["post-1563","page","type-page","status-publish","hentry"],"_links":{"self":[{"href":"https:\/\/www.leslocationsdumarais.fr\/index.php\/wp-json\/wp\/v2\/pages\/1563","targetHints":{"allow":["GET"]}}],"collection":[{"href":"https:\/\/www.leslocationsdumarais.fr\/index.php\/wp-json\/wp\/v2\/pages"}],"about":[{"href":"https:\/\/www.leslocationsdumarais.fr\/index.php\/wp-json\/wp\/v2\/types\/page"}],"author":[{"embeddable":true,"href":"https:\/\/www.leslocationsdumarais.fr\/index.php\/wp-json\/wp\/v2\/users\/1"}],"replies":[{"embeddable":true,"href":"https:\/\/www.leslocationsdumarais.fr\/index.php\/wp-json\/wp\/v2\/comments?post=1563"}],"version-history":[{"count":4,"href":"https:\/\/www.leslocationsdumarais.fr\/index.php\/wp-json\/wp\/v2\/pages\/1563\/revisions"}],"predecessor-version":[{"id":1875,"href":"https:\/\/www.leslocationsdumarais.fr\/index.php\/wp-json\/wp\/v2\/pages\/1563\/revisions\/1875"}],"wp:attachment":[{"href":"https:\/\/www.leslocationsdumarais.fr\/index.php\/wp-json\/wp\/v2\/media?parent=1563"}],"curies":[{"name":"wp","href":"https:\/\/api.w.org\/{rel}","templated":true}]}}