{"id":1848,"date":"2023-08-14T10:08:39","date_gmt":"2023-08-14T08:08:39","guid":{"rendered":"https:\/\/www.leslocationsdumarais.fr\/?page_id=1848"},"modified":"2023-08-26T21:28:05","modified_gmt":"2023-08-26T19:28:05","slug":"velo-et-saveurs-marines","status":"publish","type":"page","link":"https:\/\/www.leslocationsdumarais.fr\/index.php\/velo-et-saveurs-marines\/","title":{"rendered":"V\u00e9lo et saveurs marines"},"content":{"rendered":"\n<div style=\"height:25px\" aria-hidden=\"true\" class=\"wp-block-spacer\"><\/div>\n\n\n\n<div class=\"wp-block-cover alignfull has-x-large-font-size\"><span aria-hidden=\"true\" class=\"wp-block-cover__background has-black-background-color has-background-dim-20 has-background-dim\"><\/span><img loading=\"lazy\" decoding=\"async\" width=\"1440\" height=\"1080\" class=\"wp-block-cover__image-background wp-image-1856\" alt=\"\" src=\"https:\/\/www.leslocationsdumarais.fr\/wp-content\/uploads\/2023\/08\/poissonnerie2.jpg\" style=\"object-position:50% 28%\" data-object-fit=\"cover\" data-object-position=\"50% 28%\" srcset=\"https:\/\/www.leslocationsdumarais.fr\/wp-content\/uploads\/2023\/08\/poissonnerie2.jpg 1440w, https:\/\/www.leslocationsdumarais.fr\/wp-content\/uploads\/2023\/08\/poissonnerie2-300x225.jpg 300w, https:\/\/www.leslocationsdumarais.fr\/wp-content\/uploads\/2023\/08\/poissonnerie2-1024x768.jpg 1024w, https:\/\/www.leslocationsdumarais.fr\/wp-content\/uploads\/2023\/08\/poissonnerie2-768x576.jpg 768w, https:\/\/www.leslocationsdumarais.fr\/wp-content\/uploads\/2023\/08\/poissonnerie2-600x450.jpg 600w\" sizes=\"auto, (max-width: 1440px) 100vw, 1440px\" \/><div class=\"wp-block-cover__inner-container is-layout-flow wp-block-cover-is-layout-flow\">\n<h2 class=\"wp-block-heading has-text-align-center has-white-color has-text-color\" style=\"font-size:24px;font-style:normal;font-weight:800;letter-spacing:5px;text-transform:uppercase\">V\u00e9lo et saveurs marineS<\/h2>\n<\/div><\/div>\n\n\n\n<div style=\"height:25px\" aria-hidden=\"true\" class=\"wp-block-spacer\"><\/div>\n\n\n\n<p class=\"has-text-align-center liens-speciaux1\"><strong>En partenariat avec la <a href=\"https:\/\/www.facebook.com\/poissonneriejordanmaree\/\" data-type=\"link\" data-id=\"https:\/\/www.facebook.com\/poissonneriejordanmaree\/\" target=\"_blank\" rel=\"noreferrer noopener\">Poissonnerie du Marais<\/a>,<\/strong> Bertrand et Jordan vous proposent une sortie libre \u00e0 v\u00e9lo suivie d&rsquo;une d\u00e9gustation de fruits de mer.<\/p>\n\n\n\n<p class=\"has-text-align-center\">Formule <strong>V\u00e9lo et hu\u00eetres<\/strong> (36\u20ac par personne) : sortie libre \u00e0 v\u00e9lo + 6 hu\u00eetres + 1 verres de vin blanc<\/p>\n\n\n\n<p class=\"has-text-align-center\">Formule <strong>V\u00e9lo et fruits de mer<\/strong> (49\u20ac par personne) : sortie libre \u00e0 v\u00e9lo + 1 assiette* de fruits de mer + 1 verre de vin blanc<\/p>\n\n\n\n<p class=\"has-text-align-center\" style=\"font-size:12px\">* : 4 grosses crevettes roses, 50 grammes de crevettes grises, 8 bulots, rillettes de poissons et 6 hu\u00eetres ou 1 gambas royale<\/p>\n\n\n\n<div style=\"height:25px\" aria-hidden=\"true\" class=\"wp-block-spacer\"><\/div>\n\n\n\n<p class=\"has-text-align-center\">Disponible du mercredi au dimanche, d\u00e9part \u00e0 v\u00e9lo \u00e0 9h30 et retour \u00e0 13h pour la d\u00e9gustation.<\/p>\n\n\n\n<p class=\"has-text-align-center liens-speciaux1\">Uniquement sur r\u00e9servation aupr\u00e8s de la Poissonnerie du Marais au <a href=\"tel:+33322266327\" data-type=\"tel\" data-id=\"tel:+33322266327\">03 22 26 63 27<\/a> ou via notre <a href=\"https:\/\/www.leslocationsdumarais.fr\/index.php\/contact\/\" data-type=\"page\" data-id=\"873\">page de contact<\/a>.<\/p>\n\n\n<div class=\"wp-block-image is-style-rounded\">\n<figure class=\"aligncenter size-medium\"><img loading=\"lazy\" decoding=\"async\" width=\"227\" height=\"300\" src=\"https:\/\/www.leslocationsdumarais.fr\/wp-content\/uploads\/2023\/08\/huitres-227x300.jpg\" alt=\"\" class=\"wp-image-1883\" style=\"aspect-ratio:1;object-fit:cover\" srcset=\"https:\/\/www.leslocationsdumarais.fr\/wp-content\/uploads\/2023\/08\/huitres-227x300.jpg 227w, https:\/\/www.leslocationsdumarais.fr\/wp-content\/uploads\/2023\/08\/huitres-773x1024.jpg 773w, https:\/\/www.leslocationsdumarais.fr\/wp-content\/uploads\/2023\/08\/huitres-768x1017.jpg 768w, https:\/\/www.leslocationsdumarais.fr\/wp-content\/uploads\/2023\/08\/huitres-1160x1536.jpg 1160w, https:\/\/www.leslocationsdumarais.fr\/wp-content\/uploads\/2023\/08\/huitres-600x794.jpg 600w, https:\/\/www.leslocationsdumarais.fr\/wp-content\/uploads\/2023\/08\/huitres.jpg 1290w\" sizes=\"auto, (max-width: 227px) 100vw, 227px\" \/><\/figure>\n<\/div>\n\n\n<div style=\"height:50px\" aria-hidden=\"true\" class=\"wp-block-spacer\"><\/div>\n\n\n\n<div class=\"wp-block-group alignfull has-white-color has-text-color has-background\" style=\"background-color:#26d1a4\"><div class=\"wp-block-group__inner-container is-layout-flow wp-block-group-is-layout-flow\">\n<div style=\"height:30px\" aria-hidden=\"true\" class=\"wp-block-spacer\"><\/div>\n\n\n\n<div class=\"wp-block-columns alignwide is-layout-flex wp-container-core-columns-is-layout-9d6595d7 wp-block-columns-is-layout-flex\">\n<div class=\"wp-block-column is-layout-flow wp-block-column-is-layout-flow\">\n<h2 class=\"wp-block-heading has-text-align-center\" style=\"text-transform:uppercase\">\u00e0 voir \u00e9galement<\/h2>\n\n\n\n<p class=\"has-text-align-center liens-speciaux\" style=\"font-size:16px\"><a href=\"https:\/\/www.leslocationsducanal.fr\/\">Les Locations du Canal<\/a><br><a rel=\"noreferrer noopener\" href=\"https:\/\/www.somme-tourisme.com\/\" target=\"_blank\">Somme Tourisme<\/a><br><a href=\"https:\/\/www.normandie-tourisme.fr\/\">Normandie Tourisme<\/a><br><a rel=\"noreferrer noopener\" href=\"https:\/\/www.tourisme-baiedesomme.fr\/\" target=\"_blank\">L&rsquo;Office de Tourisme de la Baie de Somme<\/a><br><a rel=\"noreferrer noopener\" href=\"https:\/\/www.destination-letreport-mers.fr\/\" target=\"_blank\">Destination Le Tr\u00e9port-Mers<\/a><br><a rel=\"noreferrer noopener\" href=\"https:\/\/www.chemindefer-baiedesomme.fr\/\" target=\"_blank\">Chemin de Fer de la Baie de Somme<\/a><\/p>\n<\/div>\n\n\n\n<div class=\"wp-block-column is-layout-flow wp-block-column-is-layout-flow\">\n<h2 class=\"wp-block-heading has-text-align-center\" style=\"text-transform:uppercase\">liens utiles<\/h2>\n\n\n\n<p class=\"has-text-align-center liens-speciaux\"><a href=\"https:\/\/www.leslocationsdumarais.fr\/index.php\/conditions-generales\/\" data-type=\"page\" data-id=\"1563\" target=\"_blank\" rel=\"noreferrer noopener\">Conditions g\u00e9n\u00e9rales<\/a><br><a href=\"https:\/\/www.leslocationsdumarais.fr\/index.php\/mentions-legales\/\" data-type=\"page\" data-id=\"1561\" target=\"_blank\" rel=\"noreferrer noopener\">Mentions l\u00e9gales<\/a><\/p>\n<\/div>\n<\/div>\n\n\n\n<div style=\"height:30px\" aria-hidden=\"true\" class=\"wp-block-spacer\"><\/div>\n<\/div><\/div>\n","protected":false},"excerpt":{"rendered":"<p>En partenariat avec la Poissonnerie du Marais, Bertrand et Jordan vous proposent une sortie libre \u00e0 v\u00e9lo suivie d&rsquo;une d\u00e9gustation de fruits de mer. Formule V\u00e9lo et hu\u00eetres (36\u20ac par personne) : sortie libre \u00e0 v\u00e9lo + 6 hu\u00eetres + 1 verres de vin blanc Formule V\u00e9lo et fruits de mer (49\u20ac par personne) : sortie libre \u00e0 v\u00e9lo + 1 assiette* de fruits de mer + 1 verre de vin blanc * : 4 grosses crevettes roses,&hellip;<\/p>\n","protected":false},"author":1,"featured_media":0,"parent":0,"menu_order":0,"comment_status":"closed","ping_status":"closed","template":"","meta":{"footnotes":""},"class_list":["post-1848","page","type-page","status-publish","hentry"],"_links":{"self":[{"href":"https:\/\/www.leslocationsdumarais.fr\/index.php\/wp-json\/wp\/v2\/pages\/1848","targetHints":{"allow":["GET"]}}],"collection":[{"href":"https:\/\/www.leslocationsdumarais.fr\/index.php\/wp-json\/wp\/v2\/pages"}],"about":[{"href":"https:\/\/www.leslocationsdumarais.fr\/index.php\/wp-json\/wp\/v2\/types\/page"}],"author":[{"embeddable":true,"href":"https:\/\/www.leslocationsdumarais.fr\/index.php\/wp-json\/wp\/v2\/users\/1"}],"replies":[{"embeddable":true,"href":"https:\/\/www.leslocationsdumarais.fr\/index.php\/wp-json\/wp\/v2\/comments?post=1848"}],"version-history":[{"count":27,"href":"https:\/\/www.leslocationsdumarais.fr\/index.php\/wp-json\/wp\/v2\/pages\/1848\/revisions"}],"predecessor-version":[{"id":1934,"href":"https:\/\/www.leslocationsdumarais.fr\/index.php\/wp-json\/wp\/v2\/pages\/1848\/revisions\/1934"}],"wp:attachment":[{"href":"https:\/\/www.leslocationsdumarais.fr\/index.php\/wp-json\/wp\/v2\/media?parent=1848"}],"curies":[{"name":"wp","href":"https:\/\/api.w.org\/{rel}","templated":true}]}}