{"id":470,"date":"2022-06-16T10:58:24","date_gmt":"2022-06-16T09:58:24","guid":{"rendered":"https:\/\/enwoo-demos.com\/free-demo-5\/?page_id=470"},"modified":"2023-08-26T21:25:28","modified_gmt":"2023-08-26T19:25:28","slug":"home","status":"publish","type":"page","link":"https:\/\/www.leslocationsdumarais.fr\/","title":{"rendered":"Accueil"},"content":{"rendered":"\n<div class=\"wp-block-group alignfull\"><div class=\"wp-block-group__inner-container is-layout-flow wp-block-group-is-layout-flow\">\n<div class=\"wp-block-cover alignfull is-light\" style=\"min-height:100vh;aspect-ratio:unset;\"><span aria-hidden=\"true\" class=\"wp-block-cover__background has-black-background-color has-background-dim-20 has-background-dim\"><\/span><img loading=\"lazy\" decoding=\"async\" width=\"2560\" height=\"1440\" class=\"wp-block-cover__image-background wp-image-498\" alt=\"\" src=\"https:\/\/www.leslocationsdumarais.fr\/wp-content\/uploads\/2023\/04\/header-scaled-1.jpg\" data-object-fit=\"cover\" srcset=\"https:\/\/www.leslocationsdumarais.fr\/wp-content\/uploads\/2023\/04\/header-scaled-1.jpg 2560w, https:\/\/www.leslocationsdumarais.fr\/wp-content\/uploads\/2023\/04\/header-scaled-1-600x338.jpg 600w, https:\/\/www.leslocationsdumarais.fr\/wp-content\/uploads\/2023\/04\/header-scaled-1-300x169.jpg 300w, https:\/\/www.leslocationsdumarais.fr\/wp-content\/uploads\/2023\/04\/header-scaled-1-1024x576.jpg 1024w, https:\/\/www.leslocationsdumarais.fr\/wp-content\/uploads\/2023\/04\/header-scaled-1-768x432.jpg 768w, https:\/\/www.leslocationsdumarais.fr\/wp-content\/uploads\/2023\/04\/header-scaled-1-1536x864.jpg 1536w, https:\/\/www.leslocationsdumarais.fr\/wp-content\/uploads\/2023\/04\/header-scaled-1-2048x1152.jpg 2048w\" sizes=\"auto, (max-width: 2560px) 100vw, 2560px\" \/><div class=\"wp-block-cover__inner-container is-layout-flow wp-block-cover-is-layout-flow\">\n<h1 class=\"wp-block-heading has-text-align-center has-white-color has-text-color has-x-large-font-size\" style=\"font-style:normal;font-weight:800;letter-spacing:5px\">Les Locations du Marais<\/h1>\n<\/div><\/div>\n<\/div><\/div>\n\n\n\n<div style=\"height:25px\" aria-hidden=\"true\" class=\"wp-block-spacer\"><\/div>\n\n\n\n<h2 class=\"wp-block-heading has-text-align-center\" style=\"text-transform:uppercase\">LOCATION DE VTC, VTT ET V\u00c9LOS \u00c0 ASSISTANCE \u00c9LECTRIQUE<\/h2>\n\n\n\n<p class=\"has-text-align-center\">Venez profiter des charmes du H\u00e2ble d&rsquo;Ault et de la Baie de Somme \u00e0 travers les diff\u00e9rentes pistes cyclables et chemins qui parcourent ces terres.<\/p>\n\n\n\n<p class=\"has-text-align-center\">Acc\u00e8s direct sur le H\u00e2ble d&rsquo;Ault au d\u00e9part de Hautebut.<\/p>\n\n\n\n<p class=\"has-text-align-center\">Parking gratuit.<\/p>\n\n\n\n<p class=\"has-text-align-center\">Ouvert toute l&rsquo;ann\u00e9e sur r\u00e9servation.<\/p>\n\n\n\n<p class=\"has-text-align-center\">En partenariat avec Les Locations du Canal.<\/p>\n\n\n\n<div style=\"height:25px\" aria-hidden=\"true\" class=\"wp-block-spacer\"><\/div>\n\n\n\n<div class=\"wp-block-group alignwide\"><div class=\"wp-block-group__inner-container is-layout-constrained wp-block-group-is-layout-constrained\">\n<div class=\"wp-block-columns alignwide are-vertically-aligned-center is-layout-flex wp-container-core-columns-is-layout-9d6595d7 wp-block-columns-is-layout-flex\">\n<div class=\"wp-block-column is-vertically-aligned-center is-layout-flow wp-block-column-is-layout-flow\"><div class=\"wp-block-image is-style-rounded\">\n<figure class=\"aligncenter size-full\"><img loading=\"lazy\" decoding=\"async\" width=\"1000\" height=\"563\" src=\"https:\/\/www.leslocationsdumarais.fr\/wp-content\/uploads\/2023\/04\/trous.png\" alt=\"\" class=\"wp-image-499\" srcset=\"https:\/\/www.leslocationsdumarais.fr\/wp-content\/uploads\/2023\/04\/trous.png 1000w, https:\/\/www.leslocationsdumarais.fr\/wp-content\/uploads\/2023\/04\/trous-600x338.png 600w, https:\/\/www.leslocationsdumarais.fr\/wp-content\/uploads\/2023\/04\/trous-300x169.png 300w, https:\/\/www.leslocationsdumarais.fr\/wp-content\/uploads\/2023\/04\/trous-768x432.png 768w\" sizes=\"auto, (max-width: 1000px) 100vw, 1000px\" \/><\/figure>\n<\/div><\/div>\n\n\n\n<div class=\"wp-block-column is-vertically-aligned-center is-layout-flow wp-block-column-is-layout-flow\">\n<p class=\"has-text-align-center\">Explorez les merveilles de la nature et pr\u00e9parez-vous \u00e0 une exp\u00e9rience inoubliable.<\/p>\n<\/div>\n<\/div>\n\n\n\n<div class=\"wp-block-columns alignwide are-vertically-aligned-center is-layout-flex wp-container-core-columns-is-layout-9d6595d7 wp-block-columns-is-layout-flex\">\n<div class=\"wp-block-column is-vertically-aligned-center is-layout-flow wp-block-column-is-layout-flow\">\n<figure class=\"wp-block-image size-large is-style-rounded\"><img loading=\"lazy\" decoding=\"async\" width=\"1024\" height=\"576\" src=\"https:\/\/www.leslocationsdumarais.fr\/wp-content\/uploads\/2023\/07\/velos-1024x576.jpg\" alt=\"\" class=\"wp-image-1833\" srcset=\"https:\/\/www.leslocationsdumarais.fr\/wp-content\/uploads\/2023\/07\/velos-1024x576.jpg 1024w, https:\/\/www.leslocationsdumarais.fr\/wp-content\/uploads\/2023\/07\/velos-300x169.jpg 300w, https:\/\/www.leslocationsdumarais.fr\/wp-content\/uploads\/2023\/07\/velos-768x432.jpg 768w, https:\/\/www.leslocationsdumarais.fr\/wp-content\/uploads\/2023\/07\/velos-1536x864.jpg 1536w, https:\/\/www.leslocationsdumarais.fr\/wp-content\/uploads\/2023\/07\/velos-2048x1152.jpg 2048w, https:\/\/www.leslocationsdumarais.fr\/wp-content\/uploads\/2023\/07\/velos-600x338.jpg 600w\" sizes=\"auto, (max-width: 1024px) 100vw, 1024px\" \/><\/figure>\n<\/div>\n\n\n\n<div class=\"wp-block-column is-vertically-aligned-center is-layout-flow wp-block-column-is-layout-flow\">\n<p class=\"has-text-align-center\">Que vous soyez un cycliste chevronn\u00e9 ou un d\u00e9butant en qu\u00eate de nouvelles d\u00e9couvertes, nos v\u00e9los haut de gamme sont pr\u00eats \u00e0 vous emmener sur des chemins fascinants.<\/p>\n<\/div>\n<\/div>\n<\/div><\/div>\n\n\n\n<div style=\"height:25px\" aria-hidden=\"true\" class=\"wp-block-spacer\"><\/div>\n\n\n\n<h2 class=\"wp-block-heading has-text-align-center\" style=\"text-transform:uppercase\">nos v\u00e9los<\/h2>\n\n\n<div class=\"woocommerce columns-4 \"><ul class=\"products columns-4\">\n<li class=\"product type-product post-1609 status-publish first instock product_cat-vae product_cat-vtc has-post-thumbnail shipping-taxable purchasable product-type-variable\">\n\t<a href=\"https:\/\/www.leslocationsdumarais.fr\/index.php\/produit\/vtc-electrique\/\" class=\"woocommerce-LoopProduct-link woocommerce-loop-product__link\"><div class=\"archive-img-wrap\"><img loading=\"lazy\" decoding=\"async\" width=\"300\" height=\"300\" src=\"https:\/\/www.leslocationsdumarais.fr\/wp-content\/uploads\/2023\/06\/vtc_vae_1-300x300.png\" class=\"attachment-woocommerce_thumbnail size-woocommerce_thumbnail\" alt=\"VTC \u00e9lectrique\" srcset=\"https:\/\/www.leslocationsdumarais.fr\/wp-content\/uploads\/2023\/06\/vtc_vae_1-300x300.png 300w, https:\/\/www.leslocationsdumarais.fr\/wp-content\/uploads\/2023\/06\/vtc_vae_1-100x100.png 100w, https:\/\/www.leslocationsdumarais.fr\/wp-content\/uploads\/2023\/06\/vtc_vae_1-150x150.png 150w\" sizes=\"auto, (max-width: 300px) 100vw, 300px\" \/><\/div><h2 class=\"woocommerce-loop-product__title\">VTC \u00e9lectrique<\/h2>\n\t<span class=\"price\"><span class=\"woocommerce-Price-amount amount\" aria-hidden=\"true\"><bdi>25,00&nbsp;<span class=\"woocommerce-Price-currencySymbol\">&euro;<\/span><\/bdi><\/span> <span aria-hidden=\"true\">\u00a0\u2013\u00a0<\/span> <span class=\"woocommerce-Price-amount amount\" aria-hidden=\"true\"><bdi>30,00&nbsp;<span class=\"woocommerce-Price-currencySymbol\">&euro;<\/span><\/bdi><\/span><span class=\"screen-reader-text\">Plage de prix\u00a0: 25,00&nbsp;&euro; \u00e0 30,00&nbsp;&euro;<\/span><\/span>\n<\/a><a href=\"https:\/\/www.leslocationsdumarais.fr\/index.php\/produit\/vtc-electrique\/\" aria-describedby=\"woocommerce_loop_add_to_cart_link_describedby_1609\" data-quantity=\"1\" class=\"button product_type_variable add_to_cart_button\" data-product_id=\"1609\" data-product_sku=\"\" aria-label=\"S\u00e9lectionner les options pour &ldquo;VTC \u00e9lectrique&rdquo;\" rel=\"nofollow\">Choix des options<\/a>\t<span id=\"woocommerce_loop_add_to_cart_link_describedby_1609\" class=\"screen-reader-text\">\n\t\tCe produit a plusieurs variations. Les options peuvent \u00eatre choisies sur la page du produit\t<\/span>\n<\/li>\n<li class=\"product type-product post-1606 status-publish instock product_cat-vae product_cat-vtt has-post-thumbnail shipping-taxable purchasable product-type-variable\">\n\t<a href=\"https:\/\/www.leslocationsdumarais.fr\/index.php\/produit\/vtt-electrique\/\" class=\"woocommerce-LoopProduct-link woocommerce-loop-product__link\"><div class=\"archive-img-wrap\"><img loading=\"lazy\" decoding=\"async\" width=\"300\" height=\"300\" src=\"https:\/\/www.leslocationsdumarais.fr\/wp-content\/uploads\/2023\/06\/vtt_vae-300x300.png\" class=\"attachment-woocommerce_thumbnail size-woocommerce_thumbnail\" alt=\"VTT \u00e9lectrique\" srcset=\"https:\/\/www.leslocationsdumarais.fr\/wp-content\/uploads\/2023\/06\/vtt_vae-300x300.png 300w, https:\/\/www.leslocationsdumarais.fr\/wp-content\/uploads\/2023\/06\/vtt_vae-100x100.png 100w, https:\/\/www.leslocationsdumarais.fr\/wp-content\/uploads\/2023\/06\/vtt_vae-150x150.png 150w\" sizes=\"auto, (max-width: 300px) 100vw, 300px\" \/><\/div><h2 class=\"woocommerce-loop-product__title\">VTT \u00e9lectrique<\/h2>\n\t<span class=\"price\"><span class=\"woocommerce-Price-amount amount\" aria-hidden=\"true\"><bdi>25,00&nbsp;<span class=\"woocommerce-Price-currencySymbol\">&euro;<\/span><\/bdi><\/span> <span aria-hidden=\"true\">\u00a0\u2013\u00a0<\/span> <span class=\"woocommerce-Price-amount amount\" aria-hidden=\"true\"><bdi>30,00&nbsp;<span class=\"woocommerce-Price-currencySymbol\">&euro;<\/span><\/bdi><\/span><span class=\"screen-reader-text\">Plage de prix\u00a0: 25,00&nbsp;&euro; \u00e0 30,00&nbsp;&euro;<\/span><\/span>\n<\/a><a href=\"https:\/\/www.leslocationsdumarais.fr\/index.php\/produit\/vtt-electrique\/\" aria-describedby=\"woocommerce_loop_add_to_cart_link_describedby_1606\" data-quantity=\"1\" class=\"button product_type_variable add_to_cart_button\" data-product_id=\"1606\" data-product_sku=\"\" aria-label=\"S\u00e9lectionner les options pour &ldquo;VTT \u00e9lectrique&rdquo;\" rel=\"nofollow\">Choix des options<\/a>\t<span id=\"woocommerce_loop_add_to_cart_link_describedby_1606\" class=\"screen-reader-text\">\n\t\tCe produit a plusieurs variations. Les options peuvent \u00eatre choisies sur la page du produit\t<\/span>\n<\/li>\n<li class=\"product type-product post-1600 status-publish instock product_cat-traditionnel product_cat-vtc has-post-thumbnail shipping-taxable purchasable product-type-variable\">\n\t<a href=\"https:\/\/www.leslocationsdumarais.fr\/index.php\/produit\/vtc\/\" class=\"woocommerce-LoopProduct-link woocommerce-loop-product__link\"><div class=\"archive-img-wrap\"><img loading=\"lazy\" decoding=\"async\" width=\"300\" height=\"300\" src=\"https:\/\/www.leslocationsdumarais.fr\/wp-content\/uploads\/2023\/06\/vtc-300x300.png\" class=\"attachment-woocommerce_thumbnail size-woocommerce_thumbnail\" alt=\"VTC\" srcset=\"https:\/\/www.leslocationsdumarais.fr\/wp-content\/uploads\/2023\/06\/vtc-300x300.png 300w, https:\/\/www.leslocationsdumarais.fr\/wp-content\/uploads\/2023\/06\/vtc-100x100.png 100w, https:\/\/www.leslocationsdumarais.fr\/wp-content\/uploads\/2023\/06\/vtc-150x150.png 150w\" sizes=\"auto, (max-width: 300px) 100vw, 300px\" \/><\/div><h2 class=\"woocommerce-loop-product__title\">VTC<\/h2>\n\t<span class=\"price\"><span class=\"woocommerce-Price-amount amount\" aria-hidden=\"true\"><bdi>10,00&nbsp;<span class=\"woocommerce-Price-currencySymbol\">&euro;<\/span><\/bdi><\/span> <span aria-hidden=\"true\">\u00a0\u2013\u00a0<\/span> <span class=\"woocommerce-Price-amount amount\" aria-hidden=\"true\"><bdi>15,00&nbsp;<span class=\"woocommerce-Price-currencySymbol\">&euro;<\/span><\/bdi><\/span><span class=\"screen-reader-text\">Plage de prix\u00a0: 10,00&nbsp;&euro; \u00e0 15,00&nbsp;&euro;<\/span><\/span>\n<\/a><a href=\"https:\/\/www.leslocationsdumarais.fr\/index.php\/produit\/vtc\/\" aria-describedby=\"woocommerce_loop_add_to_cart_link_describedby_1600\" data-quantity=\"1\" class=\"button product_type_variable add_to_cart_button\" data-product_id=\"1600\" data-product_sku=\"\" aria-label=\"S\u00e9lectionner les options pour &ldquo;VTC&rdquo;\" rel=\"nofollow\">Choix des options<\/a>\t<span id=\"woocommerce_loop_add_to_cart_link_describedby_1600\" class=\"screen-reader-text\">\n\t\tCe produit a plusieurs variations. Les options peuvent \u00eatre choisies sur la page du produit\t<\/span>\n<\/li>\n<li class=\"product type-product post-1603 status-publish last instock product_cat-traditionnel product_cat-vtt has-post-thumbnail shipping-taxable purchasable product-type-variable\">\n\t<a href=\"https:\/\/www.leslocationsdumarais.fr\/index.php\/produit\/vtt\/\" class=\"woocommerce-LoopProduct-link woocommerce-loop-product__link\"><div class=\"archive-img-wrap\"><img loading=\"lazy\" decoding=\"async\" width=\"300\" height=\"300\" src=\"https:\/\/www.leslocationsdumarais.fr\/wp-content\/uploads\/2023\/06\/vtt_1-300x300.jpg\" class=\"attachment-woocommerce_thumbnail size-woocommerce_thumbnail\" alt=\"VTT\" srcset=\"https:\/\/www.leslocationsdumarais.fr\/wp-content\/uploads\/2023\/06\/vtt_1-300x300.jpg 300w, https:\/\/www.leslocationsdumarais.fr\/wp-content\/uploads\/2023\/06\/vtt_1-100x100.jpg 100w, https:\/\/www.leslocationsdumarais.fr\/wp-content\/uploads\/2023\/06\/vtt_1-150x150.jpg 150w\" sizes=\"auto, (max-width: 300px) 100vw, 300px\" \/><\/div><h2 class=\"woocommerce-loop-product__title\">VTT<\/h2>\n\t<span class=\"price\"><span class=\"woocommerce-Price-amount amount\" aria-hidden=\"true\"><bdi>10,00&nbsp;<span class=\"woocommerce-Price-currencySymbol\">&euro;<\/span><\/bdi><\/span> <span aria-hidden=\"true\">\u00a0\u2013\u00a0<\/span> <span class=\"woocommerce-Price-amount amount\" aria-hidden=\"true\"><bdi>15,00&nbsp;<span class=\"woocommerce-Price-currencySymbol\">&euro;<\/span><\/bdi><\/span><span class=\"screen-reader-text\">Plage de prix\u00a0: 10,00&nbsp;&euro; \u00e0 15,00&nbsp;&euro;<\/span><\/span>\n<\/a><a href=\"https:\/\/www.leslocationsdumarais.fr\/index.php\/produit\/vtt\/\" aria-describedby=\"woocommerce_loop_add_to_cart_link_describedby_1603\" data-quantity=\"1\" class=\"button product_type_variable add_to_cart_button\" data-product_id=\"1603\" data-product_sku=\"\" aria-label=\"S\u00e9lectionner les options pour &ldquo;VTT&rdquo;\" rel=\"nofollow\">Choix des options<\/a>\t<span id=\"woocommerce_loop_add_to_cart_link_describedby_1603\" class=\"screen-reader-text\">\n\t\tCe produit a plusieurs variations. Les options peuvent \u00eatre choisies sur la page du produit\t<\/span>\n<\/li>\n<\/ul>\n<\/div>\n\n\n\n<h2 class=\"wp-block-heading has-text-align-center\" style=\"text-transform:uppercase\">vous avez fait votre choix ?<\/h2>\n\n\n\n<div class=\"wp-block-buttons is-vertical is-content-justification-center is-layout-flex wp-container-core-buttons-is-layout-d707fe4a wp-block-buttons-is-layout-flex\">\n<div class=\"wp-block-button is-style-fill\"><a class=\"wp-block-button__link has-white-color has-text-color has-background has-text-align-center wp-element-button\" href=\"https:\/\/www.leslocationsdumarais.fr\/index.php\/boutique\/\" style=\"background-color:#21b88f\"><strong>R\u00c9SERVER D\u00c8S MAINTENANT<\/strong><\/a><\/div>\n\n\n\n<div class=\"wp-block-button is-style-fill\"><a class=\"wp-block-button__link has-white-color has-text-color has-background has-text-align-center wp-element-button\" href=\"https:\/\/www.leslocationsdumarais.fr\/index.php\/panier\/\" style=\"background-color:#21b88f\"><strong>MON PANIER<\/strong><\/a><\/div>\n<\/div>\n\n\n\n<div style=\"height:25px\" aria-hidden=\"true\" class=\"wp-block-spacer\"><\/div>\n\n\n\n<h2 class=\"wp-block-heading has-text-align-center\" style=\"text-transform:uppercase\">d\u00e9couvrez notre partenariat avec La poissonnerie du marais<\/h2>\n\n\n\n<div class=\"wp-block-buttons is-vertical is-content-justification-center is-layout-flex wp-container-core-buttons-is-layout-d707fe4a wp-block-buttons-is-layout-flex\">\n<div class=\"wp-block-button is-style-fill\"><a class=\"wp-block-button__link has-white-color has-text-color has-background has-text-align-center wp-element-button\" href=\"https:\/\/www.leslocationsdumarais.fr\/index.php\/velo-et-saveurs-marines\/\" style=\"background-color:#21b88f\"><strong>V\u00c9LO ET SAVEURS MARINES<\/strong><\/a><\/div>\n<\/div>\n\n\n\n<div style=\"height:50px\" aria-hidden=\"true\" class=\"wp-block-spacer\"><\/div>\n\n\n\n<div class=\"wp-block-group alignfull has-background\" id=\"plan\" style=\"background-color:#21b88f\"><div class=\"wp-block-group__inner-container is-layout-constrained wp-block-group-is-layout-constrained\">\n<div style=\"height:30px\" aria-hidden=\"true\" class=\"wp-block-spacer\"><\/div>\n\n\n\n<h2 class=\"wp-block-heading has-text-align-center has-white-color has-text-color\">NOUS TROUVER<\/h2>\n\n\n\n<div style=\"height:20px\" aria-hidden=\"true\" class=\"wp-block-spacer\"><\/div>\n\n\n\n<div class=\"wp-block-group center\"><div class=\"wp-block-group__inner-container is-layout-constrained wp-block-group-is-layout-constrained\">\n<iframe src=\"https:\/\/www.google.com\/maps\/embed?pb=!1m18!1m12!1m3!1d2557.985315231342!2d1.4875165340625431!3d50.123996748188866!2m3!1f0!2f0!3f0!3m2!1i1024!2i768!4f13.1!3m3!1m2!1s0x47ddfdcfdecd8695%3A0xbd8dfbc89f50d314!2sLes%20Locations%20du%20Marais!5e0!3m2!1sfr!2sfr!4v1687121295796!5m2!1sfr!2sfr\" width=\"1400\" height=\"400\" style=\"border:0;\" allowfullscreen=\"\" loading=\"lazy\" referrerpolicy=\"no-referrer-when-downgrade\"><\/iframe>\n<\/div><\/div>\n\n\n\n<div style=\"height:20px\" aria-hidden=\"true\" class=\"wp-block-spacer\"><\/div>\n\n\n\n<div class=\"wp-block-buttons is-content-justification-center is-layout-flex wp-container-core-buttons-is-layout-16018d1d wp-block-buttons-is-layout-flex\">\n<div class=\"wp-block-button\"><a class=\"wp-block-button__link has-white-background-color has-text-color has-background wp-element-button\" href=\"https:\/\/www.leslocationsdumarais.fr\/index.php\/contact\/\" style=\"color:#21b88f\"><strong>CONTACTEZ-NOUS<\/strong><\/a><\/div>\n<\/div>\n\n\n\n<div style=\"height:30px\" aria-hidden=\"true\" class=\"wp-block-spacer\"><\/div>\n<\/div><\/div>\n\n\n\n<div style=\"height:50px\" aria-hidden=\"true\" class=\"wp-block-spacer\"><\/div>\n\n\n\n<div class=\"wp-block-group alignfull has-white-color has-text-color has-background\" style=\"background-color:#26d1a4\"><div class=\"wp-block-group__inner-container is-layout-flow wp-block-group-is-layout-flow\">\n<div style=\"height:30px\" aria-hidden=\"true\" class=\"wp-block-spacer\"><\/div>\n\n\n\n<div class=\"wp-block-columns alignwide is-layout-flex wp-container-core-columns-is-layout-9d6595d7 wp-block-columns-is-layout-flex\">\n<div class=\"wp-block-column is-layout-flow wp-block-column-is-layout-flow\">\n<h2 class=\"wp-block-heading has-text-align-center\" style=\"text-transform:uppercase\">\u00e0 voir \u00e9galement<\/h2>\n\n\n\n<p class=\"has-text-align-center liens-speciaux\" style=\"font-size:16px\"><a href=\"https:\/\/www.leslocationsducanal.fr\/\">Les Locations du Canal<\/a><br><a rel=\"noreferrer noopener\" href=\"https:\/\/www.somme-tourisme.com\/\" target=\"_blank\">Somme Tourisme<\/a><br><a href=\"https:\/\/www.normandie-tourisme.fr\/\">Normandie Tourisme<\/a><br><a rel=\"noreferrer noopener\" href=\"https:\/\/www.tourisme-baiedesomme.fr\/\" target=\"_blank\">L&rsquo;Office de Tourisme de la Baie de Somme<\/a><br><a rel=\"noreferrer noopener\" href=\"https:\/\/www.destination-letreport-mers.fr\/\" target=\"_blank\">Destination Le Tr\u00e9port-Mers<\/a><br><a rel=\"noreferrer noopener\" href=\"https:\/\/www.chemindefer-baiedesomme.fr\/\" target=\"_blank\">Chemin de Fer de la Baie de Somme<\/a><\/p>\n<\/div>\n\n\n\n<div class=\"wp-block-column is-layout-flow wp-block-column-is-layout-flow\">\n<h2 class=\"wp-block-heading has-text-align-center\" style=\"text-transform:uppercase\">liens utiles<\/h2>\n\n\n\n<p class=\"has-text-align-center liens-speciaux\"><a href=\"https:\/\/www.leslocationsdumarais.fr\/index.php\/conditions-generales\/\" data-type=\"page\" data-id=\"1563\" target=\"_blank\" rel=\"noreferrer noopener\">Conditions g\u00e9n\u00e9rales<\/a><br><a href=\"https:\/\/www.leslocationsdumarais.fr\/index.php\/mentions-legales\/\" data-type=\"page\" data-id=\"1561\" target=\"_blank\" rel=\"noreferrer noopener\">Mentions l\u00e9gales<\/a><\/p>\n<\/div>\n<\/div>\n\n\n\n<div style=\"height:30px\" aria-hidden=\"true\" class=\"wp-block-spacer\"><\/div>\n<\/div><\/div>\n","protected":false},"excerpt":{"rendered":"<p>LOCATION DE VTC, VTT ET V\u00c9LOS \u00c0 ASSISTANCE \u00c9LECTRIQUE Venez profiter des charmes du H\u00e2ble d&rsquo;Ault et de la Baie de Somme \u00e0 travers les diff\u00e9rentes pistes cyclables et chemins qui parcourent ces terres. Acc\u00e8s direct sur le H\u00e2ble d&rsquo;Ault au d\u00e9part de Hautebut. Parking gratuit. Ouvert toute l&rsquo;ann\u00e9e sur r\u00e9servation. En partenariat avec Les Locations du Canal. Explorez les merveilles de la nature et pr\u00e9parez-vous \u00e0 une exp\u00e9rience inoubliable. Que vous soyez un cycliste chevronn\u00e9 ou un&hellip;<\/p>\n","protected":false},"author":1,"featured_media":0,"parent":0,"menu_order":0,"comment_status":"closed","ping_status":"closed","template":"","meta":{"footnotes":""},"class_list":["post-470","page","type-page","status-publish","hentry"],"_links":{"self":[{"href":"https:\/\/www.leslocationsdumarais.fr\/index.php\/wp-json\/wp\/v2\/pages\/470","targetHints":{"allow":["GET"]}}],"collection":[{"href":"https:\/\/www.leslocationsdumarais.fr\/index.php\/wp-json\/wp\/v2\/pages"}],"about":[{"href":"https:\/\/www.leslocationsdumarais.fr\/index.php\/wp-json\/wp\/v2\/types\/page"}],"author":[{"embeddable":true,"href":"https:\/\/www.leslocationsdumarais.fr\/index.php\/wp-json\/wp\/v2\/users\/1"}],"replies":[{"embeddable":true,"href":"https:\/\/www.leslocationsdumarais.fr\/index.php\/wp-json\/wp\/v2\/comments?post=470"}],"version-history":[{"count":30,"href":"https:\/\/www.leslocationsdumarais.fr\/index.php\/wp-json\/wp\/v2\/pages\/470\/revisions"}],"predecessor-version":[{"id":1932,"href":"https:\/\/www.leslocationsdumarais.fr\/index.php\/wp-json\/wp\/v2\/pages\/470\/revisions\/1932"}],"wp:attachment":[{"href":"https:\/\/www.leslocationsdumarais.fr\/index.php\/wp-json\/wp\/v2\/media?parent=470"}],"curies":[{"name":"wp","href":"https:\/\/api.w.org\/{rel}","templated":true}]}}