{"id":873,"date":"2023-06-18T21:48:38","date_gmt":"2023-06-18T20:48:38","guid":{"rendered":"https:\/\/lldm.loicdvch.fr\/?page_id=873"},"modified":"2023-07-24T19:54:50","modified_gmt":"2023-07-24T17:54:50","slug":"contact","status":"publish","type":"page","link":"https:\/\/www.leslocationsdumarais.fr\/index.php\/contact\/","title":{"rendered":"Contact"},"content":{"rendered":"\n<div style=\"height:25px\" aria-hidden=\"true\" class=\"wp-block-spacer\"><\/div>\n\n\n\n<div class=\"wp-block-group alignfull has-small-font-size\"><div class=\"wp-block-group__inner-container is-layout-constrained wp-block-group-is-layout-constrained\">\n<div class=\"wp-block-cover alignfull is-light has-x-large-font-size\"><span aria-hidden=\"true\" class=\"wp-block-cover__background has-black-background-color has-background-dim-20 has-background-dim\"><\/span><img loading=\"lazy\" decoding=\"async\" width=\"2560\" height=\"1440\" class=\"wp-block-cover__image-background wp-image-498\" alt=\"\" src=\"https:\/\/www.leslocationsdumarais.fr\/wp-content\/uploads\/2023\/04\/header-scaled-1.jpg\" style=\"object-position:50% 50%\" data-object-fit=\"cover\" data-object-position=\"50% 50%\" srcset=\"https:\/\/www.leslocationsdumarais.fr\/wp-content\/uploads\/2023\/04\/header-scaled-1.jpg 2560w, https:\/\/www.leslocationsdumarais.fr\/wp-content\/uploads\/2023\/04\/header-scaled-1-600x338.jpg 600w, https:\/\/www.leslocationsdumarais.fr\/wp-content\/uploads\/2023\/04\/header-scaled-1-300x169.jpg 300w, https:\/\/www.leslocationsdumarais.fr\/wp-content\/uploads\/2023\/04\/header-scaled-1-1024x576.jpg 1024w, https:\/\/www.leslocationsdumarais.fr\/wp-content\/uploads\/2023\/04\/header-scaled-1-768x432.jpg 768w, https:\/\/www.leslocationsdumarais.fr\/wp-content\/uploads\/2023\/04\/header-scaled-1-1536x864.jpg 1536w, https:\/\/www.leslocationsdumarais.fr\/wp-content\/uploads\/2023\/04\/header-scaled-1-2048x1152.jpg 2048w\" sizes=\"auto, (max-width: 2560px) 100vw, 2560px\" \/><div class=\"wp-block-cover__inner-container is-layout-flow wp-block-cover-is-layout-flow\">\n<h2 class=\"wp-block-heading has-text-align-center has-white-color has-text-color\" style=\"font-size:24px;font-style:normal;font-weight:800;letter-spacing:5px;text-transform:uppercase\">Contact<\/h2>\n<\/div><\/div>\n<\/div><\/div>\n\n\n\n<div style=\"height:25px\" aria-hidden=\"true\" class=\"wp-block-spacer\"><\/div>\n\n\n\n<div class=\"wp-block-group alignfull has-background\" style=\"background-color:#21b88f\"><div class=\"wp-block-group__inner-container is-layout-constrained wp-block-group-is-layout-constrained\">\n<div style=\"height:100px\" aria-hidden=\"true\" class=\"wp-block-spacer\"><\/div>\n\n\n\n<div class=\"wp-block-columns is-layout-flex wp-container-core-columns-is-layout-9d6595d7 wp-block-columns-is-layout-flex\">\n<div class=\"wp-block-column is-layout-flow wp-block-column-is-layout-flow\">\n<div style=\"height:10px\" aria-hidden=\"true\" class=\"wp-block-spacer\"><\/div>\n\n\n\n<h2 class=\"wp-block-heading has-text-align-center has-white-color has-text-color\" style=\"text-transform:uppercase\">par mail<\/h2>\n\n\n\n<div class=\"wp-block-buttons is-content-justification-center is-layout-flex wp-container-core-buttons-is-layout-16018d1d wp-block-buttons-is-layout-flex\">\n<div class=\"wp-block-button smooth-scroll\"><a class=\"wp-block-button__link has-white-background-color has-text-color has-background has-text-align-center wp-element-button\" href=\"#formulaire\" style=\"color:#21b88f\"><strong>FORMULAIRE DE CONTACT<\/strong><\/a><\/div>\n<\/div>\n\n\n\n<div style=\"height:10px\" aria-hidden=\"true\" class=\"wp-block-spacer\"><\/div>\n<\/div>\n\n\n\n<div class=\"wp-block-column is-vertically-aligned-top is-layout-flow wp-block-column-is-layout-flow\">\n<div style=\"height:10px\" aria-hidden=\"true\" class=\"wp-block-spacer\"><\/div>\n\n\n\n<h2 class=\"wp-block-heading has-text-align-center has-white-color has-text-color\" style=\"text-transform:uppercase\">par T\u00c9l\u00c9phone<\/h2>\n\n\n\n<div class=\"wp-block-buttons is-content-justification-center is-layout-flex wp-container-core-buttons-is-layout-16018d1d wp-block-buttons-is-layout-flex\">\n<div class=\"wp-block-button\"><a class=\"wp-block-button__link has-white-background-color has-text-color has-background has-text-align-center wp-element-button\" href=\"tel:+33650389561\" style=\"color:#21b88f\"><strong>APPELER<\/strong><\/a><\/div>\n<\/div>\n\n\n\n<div style=\"height:10px\" aria-hidden=\"true\" class=\"wp-block-spacer\"><\/div>\n<\/div>\n\n\n\n<div class=\"wp-block-column is-layout-flow wp-block-column-is-layout-flow\">\n<div style=\"height:10px\" aria-hidden=\"true\" class=\"wp-block-spacer\"><\/div>\n\n\n\n<h2 class=\"wp-block-heading has-text-align-center has-white-color has-text-color\" style=\"text-transform:uppercase\">SUR PLACE<\/h2>\n\n\n\n<div class=\"wp-block-buttons is-content-justification-center is-layout-flex wp-container-core-buttons-is-layout-16018d1d wp-block-buttons-is-layout-flex\">\n<div class=\"wp-block-button smooth-scroll\"><a class=\"wp-block-button__link has-white-background-color has-text-color has-background has-text-align-center wp-element-button\" href=\"#plan\" style=\"color:#21b88f\"><strong>PLAN<\/strong><\/a><\/div>\n<\/div>\n\n\n\n<div style=\"height:10px\" aria-hidden=\"true\" class=\"wp-block-spacer\"><\/div>\n<\/div>\n<\/div>\n\n\n\n<div style=\"height:100px\" aria-hidden=\"true\" class=\"wp-block-spacer\"><\/div>\n<\/div><\/div>\n\n\n\n<div id=\"formulaire\" class=\"wp-block-group\"><div class=\"wp-block-group__inner-container is-layout-constrained wp-block-group-is-layout-constrained\"><div class=\"wpforms-container wpforms-container-full wpforms-block wpforms-block-b439ffaa-c2ee-401f-b7ab-942fcd01360a wpforms-render-modern\" id=\"wpforms-1715\"><form id=\"wpforms-form-1715\" class=\"wpforms-validate wpforms-form wpforms-ajax-form\" data-formid=\"1715\" method=\"post\" enctype=\"multipart\/form-data\" action=\"\/index.php\/wp-json\/wp\/v2\/pages\/873\" data-token=\"3e69bfaca891e3141bf6a867f7157bd9\" data-token-time=\"1777886296\"><noscript class=\"wpforms-error-noscript\">Veuillez activer JavaScript dans votre navigateur pour remplir ce formulaire.<\/noscript><div id=\"wpforms-error-noscript\" style=\"display: none;\">Veuillez activer JavaScript dans votre navigateur pour remplir ce formulaire.<\/div><div class=\"wpforms-field-container\"><div id=\"wpforms-1715-field_0-container\" class=\"wpforms-field wpforms-field-name\" data-field-id=\"0\"><fieldset><legend class=\"wpforms-field-label\">Nom <span class=\"wpforms-required-label\" aria-hidden=\"true\">*<\/span><\/legend><div class=\"wpforms-field-row wpforms-field-medium\"><div class=\"wpforms-field-row-block wpforms-first wpforms-one-half\"><input type=\"text\" id=\"wpforms-1715-field_0\" class=\"wpforms-field-name-first wpforms-field-required\" name=\"wpforms[fields][0][first]\" aria-errormessage=\"wpforms-1715-field_0-error\" required><label for=\"wpforms-1715-field_0\" class=\"wpforms-field-sublabel after\">Pr\u00e9nom<\/label><\/div><div class=\"wpforms-field-row-block wpforms-one-half\"><input type=\"text\" id=\"wpforms-1715-field_0-last\" class=\"wpforms-field-name-last wpforms-field-required\" name=\"wpforms[fields][0][last]\" aria-errormessage=\"wpforms-1715-field_0-last-error\" required><label for=\"wpforms-1715-field_0-last\" class=\"wpforms-field-sublabel after\">Nom<\/label><\/div><\/div><\/fieldset><\/div><div id=\"wpforms-1715-field_1-container\" class=\"wpforms-field wpforms-field-email\" data-field-id=\"1\"><label class=\"wpforms-field-label\" for=\"wpforms-1715-field_1\">E-mail <span class=\"wpforms-required-label\" aria-hidden=\"true\">*<\/span><\/label><input type=\"email\" id=\"wpforms-1715-field_1\" class=\"wpforms-field-medium wpforms-field-required\" name=\"wpforms[fields][1]\" spellcheck=\"false\" aria-errormessage=\"wpforms-1715-field_1-error\" required><\/div><div id=\"wpforms-1715-field_4-container\" class=\"wpforms-field wpforms-field-text\" data-field-id=\"4\"><label class=\"wpforms-field-label\" for=\"wpforms-1715-field_4\">T\u00e9l\u00e9phone<\/label><input type=\"text\" id=\"wpforms-1715-field_4\" class=\"wpforms-field-small wpforms-masked-input\" data-rule-inputmask-incomplete=\"1\" data-inputmask-mask=\"+33 9 99 99 99 99\" name=\"wpforms[fields][4]\" aria-errormessage=\"wpforms-1715-field_4-error\" ><\/div><div id=\"wpforms-1715-field_3-container\" class=\"wpforms-field wpforms-field-text\" data-field-id=\"3\"><label class=\"wpforms-field-label\" for=\"wpforms-1715-field_3\">Sujet <span class=\"wpforms-required-label\" aria-hidden=\"true\">*<\/span><\/label><input type=\"text\" id=\"wpforms-1715-field_3\" class=\"wpforms-field-medium wpforms-field-required wpforms-limit-characters-enabled\" data-form-id=\"1715\" data-field-id=\"3\" data-text-limit=\"100\" name=\"wpforms[fields][3]\" aria-errormessage=\"wpforms-1715-field_3-error\" maxlength=\"100\" required><\/div><div id=\"wpforms-1715-field_2-container\" class=\"wpforms-field wpforms-field-textarea\" data-field-id=\"2\"><label class=\"wpforms-field-label\" for=\"wpforms-1715-field_2\">Message <span class=\"wpforms-required-label\" aria-hidden=\"true\">*<\/span><\/label><textarea id=\"wpforms-1715-field_2\" class=\"wpforms-field-medium wpforms-field-required wpforms-limit-characters-enabled\" data-form-id=\"1715\" data-field-id=\"2\" data-text-limit=\"1000\" name=\"wpforms[fields][2]\" aria-errormessage=\"wpforms-1715-field_2-error\" maxlength=\"1000\" required><\/textarea><\/div><\/div><!-- .wpforms-field-container --><div class=\"wpforms-recaptcha-container wpforms-is-hcaptcha\" ><div class=\"h-captcha\" data-sitekey=\"d1daa47b-35f3-46e0-a4c0-cea407f281ca\"><\/div><input type=\"text\" name=\"g-recaptcha-hidden\" class=\"wpforms-recaptcha-hidden\" style=\"position:absolute!important;clip:rect(0,0,0,0)!important;height:1px!important;width:1px!important;border:0!important;overflow:hidden!important;padding:0!important;margin:0!important;\" data-rule-hcaptcha=\"1\"><\/div><div class=\"wpforms-submit-container\" ><input type=\"hidden\" name=\"wpforms[id]\" value=\"1715\"><input type=\"hidden\" name=\"page_title\" value=\"\"><input type=\"hidden\" name=\"page_url\" value=\"https:\/\/www.leslocationsdumarais.fr\/index.php\/wp-json\/wp\/v2\/pages\/873\"><input type=\"hidden\" name=\"url_referer\" value=\"\"><button type=\"submit\" name=\"wpforms[submit]\" id=\"wpforms-submit-1715\" class=\"wpforms-submit bouton-envoi\" data-alt-text=\"Envoi...\" data-submit-text=\"Envoyer\" aria-live=\"assertive\" value=\"wpforms-submit\">Envoyer<\/button><img loading=\"lazy\" decoding=\"async\" src=\"https:\/\/www.leslocationsdumarais.fr\/wp-content\/plugins\/wpforms-lite\/assets\/images\/submit-spin.svg\" class=\"wpforms-submit-spinner\" style=\"display: none;\" width=\"26\" height=\"26\" alt=\"Chargement en cours\"><\/div><\/form><\/div>  <!-- .wpforms-container --><\/div><\/div>\n\n\n\n<div style=\"height:50px\" aria-hidden=\"true\" class=\"wp-block-spacer\"><\/div>\n\n\n\n<div class=\"wp-block-group alignfull has-background\" id=\"plan\" style=\"background-color:#21b88f\"><div class=\"wp-block-group__inner-container is-layout-constrained wp-block-group-is-layout-constrained\">\n<div style=\"height:50px\" aria-hidden=\"true\" class=\"wp-block-spacer\"><\/div>\n\n\n\n<div class=\"wp-block-group center\"><div class=\"wp-block-group__inner-container is-layout-constrained wp-block-group-is-layout-constrained\">\n<iframe src=\"https:\/\/www.google.com\/maps\/embed?pb=!1m18!1m12!1m3!1d2557.985315231342!2d1.4875165340625431!3d50.123996748188866!2m3!1f0!2f0!3f0!3m2!1i1024!2i768!4f13.1!3m3!1m2!1s0x47ddfdcfdecd8695%3A0xbd8dfbc89f50d314!2sLes%20Locations%20du%20Marais!5e0!3m2!1sfr!2sfr!4v1687121295796!5m2!1sfr!2sfr\" width=\"1400\" height=\"400\" style=\"border:0;\" allowfullscreen=\"\" loading=\"lazy\" referrerpolicy=\"no-referrer-when-downgrade\"><\/iframe>\n<\/div><\/div>\n\n\n\n<div style=\"height:50px\" aria-hidden=\"true\" class=\"wp-block-spacer\"><\/div>\n<\/div><\/div>\n\n\n\n<div style=\"height:50px\" aria-hidden=\"true\" class=\"wp-block-spacer\"><\/div>\n\n\n\n<div class=\"wp-block-group alignfull has-white-color has-text-color has-background\" style=\"background-color:#26d1a4\"><div class=\"wp-block-group__inner-container is-layout-flow wp-block-group-is-layout-flow\">\n<div style=\"height:30px\" aria-hidden=\"true\" class=\"wp-block-spacer\"><\/div>\n\n\n\n<div class=\"wp-block-columns alignwide is-layout-flex wp-container-core-columns-is-layout-9d6595d7 wp-block-columns-is-layout-flex\">\n<div class=\"wp-block-column is-layout-flow wp-block-column-is-layout-flow\">\n<h2 class=\"wp-block-heading has-text-align-center\" style=\"text-transform:uppercase\">\u00e0 voir \u00e9galement<\/h2>\n\n\n\n<p class=\"has-text-align-center liens-speciaux\" style=\"font-size:16px\"><a href=\"https:\/\/www.leslocationsducanal.fr\/\">Les Locations du Canal<\/a><br><a rel=\"noreferrer noopener\" href=\"https:\/\/www.somme-tourisme.com\/\" target=\"_blank\">Somme Tourisme<\/a><br><a href=\"https:\/\/www.normandie-tourisme.fr\/\">Normandie Tourisme<\/a><br><a rel=\"noreferrer noopener\" href=\"https:\/\/www.tourisme-baiedesomme.fr\/\" target=\"_blank\">L&rsquo;Office de Tourisme de la Baie de Somme<\/a><br><a rel=\"noreferrer noopener\" href=\"https:\/\/www.destination-letreport-mers.fr\/\" target=\"_blank\">Destination Le Tr\u00e9port-Mers<\/a><br><a rel=\"noreferrer noopener\" href=\"https:\/\/www.chemindefer-baiedesomme.fr\/\" target=\"_blank\">Chemin de Fer de la Baie de Somme<\/a><\/p>\n<\/div>\n\n\n\n<div class=\"wp-block-column is-layout-flow wp-block-column-is-layout-flow\">\n<h2 class=\"wp-block-heading has-text-align-center\" style=\"text-transform:uppercase\">liens utiles<\/h2>\n\n\n\n<p class=\"has-text-align-center liens-speciaux\"><a href=\"https:\/\/www.leslocationsdumarais.fr\/index.php\/conditions-generales\/\" data-type=\"page\" data-id=\"1563\" target=\"_blank\" rel=\"noreferrer noopener\">Conditions g\u00e9n\u00e9rales<\/a><br><a href=\"https:\/\/www.leslocationsdumarais.fr\/index.php\/mentions-legales\/\" data-type=\"page\" data-id=\"1561\" target=\"_blank\" rel=\"noreferrer noopener\">Mentions l\u00e9gales<\/a><\/p>\n<\/div>\n<\/div>\n\n\n\n<div style=\"height:30px\" aria-hidden=\"true\" class=\"wp-block-spacer\"><\/div>\n<\/div><\/div>\n","protected":false},"excerpt":{"rendered":"<p>par mail par T\u00c9l\u00c9phone SUR PLACE \u00e0 voir \u00e9galement Les Locations du CanalSomme TourismeNormandie TourismeL&rsquo;Office de Tourisme de la Baie de SommeDestination Le Tr\u00e9port-MersChemin de Fer de la Baie de Somme liens utiles Conditions g\u00e9n\u00e9ralesMentions l\u00e9gales<\/p>\n","protected":false},"author":1,"featured_media":0,"parent":0,"menu_order":0,"comment_status":"closed","ping_status":"closed","template":"","meta":{"footnotes":""},"class_list":["post-873","page","type-page","status-publish","hentry"],"_links":{"self":[{"href":"https:\/\/www.leslocationsdumarais.fr\/index.php\/wp-json\/wp\/v2\/pages\/873","targetHints":{"allow":["GET"]}}],"collection":[{"href":"https:\/\/www.leslocationsdumarais.fr\/index.php\/wp-json\/wp\/v2\/pages"}],"about":[{"href":"https:\/\/www.leslocationsdumarais.fr\/index.php\/wp-json\/wp\/v2\/types\/page"}],"author":[{"embeddable":true,"href":"https:\/\/www.leslocationsdumarais.fr\/index.php\/wp-json\/wp\/v2\/users\/1"}],"replies":[{"embeddable":true,"href":"https:\/\/www.leslocationsdumarais.fr\/index.php\/wp-json\/wp\/v2\/comments?post=873"}],"version-history":[{"count":11,"href":"https:\/\/www.leslocationsdumarais.fr\/index.php\/wp-json\/wp\/v2\/pages\/873\/revisions"}],"predecessor-version":[{"id":1813,"href":"https:\/\/www.leslocationsdumarais.fr\/index.php\/wp-json\/wp\/v2\/pages\/873\/revisions\/1813"}],"wp:attachment":[{"href":"https:\/\/www.leslocationsdumarais.fr\/index.php\/wp-json\/wp\/v2\/media?parent=873"}],"curies":[{"name":"wp","href":"https:\/\/api.w.org\/{rel}","templated":true}]}}